{"id":17182,"date":"2025-03-22T18:07:35","date_gmt":"2025-03-22T17:07:35","guid":{"rendered":"https:\/\/cjpsc-ecc.org\/accueil\/?page_id=17182"},"modified":"2025-05-09T11:57:49","modified_gmt":"2025-05-09T09:57:49","slug":"nos-programmes","status":"publish","type":"page","link":"https:\/\/cjpsc-ecc.org\/accueil\/nos-programmes\/","title":{"rendered":"Nos programmes"},"content":{"rendered":"\t\t<div data-elementor-type=\"wp-page\" data-elementor-id=\"17182\" class=\"elementor elementor-17182\" data-elementor-post-type=\"page\">\n\t\t\t\t<div class=\"elementor-element elementor-element-0e2e588 e-flex e-con-boxed e-con e-parent\" data-id=\"0e2e588\" data-element_type=\"container\" data-e-type=\"container\">\n\t\t\t\t\t<div class=\"e-con-inner\">\n\t\t<div class=\"elementor-element elementor-element-68de933 e-con-full e-flex e-con e-child\" data-id=\"68de933\" data-element_type=\"container\" data-e-type=\"container\">\n\t\t\t\t<div class=\"elementor-element elementor-element-bf7dcc7 elementor-widget elementor-widget-text-editor\" data-id=\"bf7dcc7\" data-element_type=\"widget\" data-e-type=\"widget\" data-widget_type=\"text-editor.default\">\n\t\t\t\t<div class=\"elementor-widget-container\">\n\t\t\t\t\t\t\t\t\t\n<h2><strong>Domaines d\u2019intervention<\/strong><\/h2>\n<p>Selon les dispositions statutaires, les domaines d\u2019intervention sont exprim\u00e9s en termes de programmes. A travers ses programmes expliqu\u00e9s dans les lignes qui suivent, la Commission vise \u00e0 accompagner les Institutions sociopolitiques pour la r\u00e9alisation du bien-\u00eatre et mieux-\u00eatre des Congolais.<\/p>\n<p>Les quatre principaux programmes de l\u2019ECC\/JPSC se pr\u00e9sentent de la mani\u00e8re suivante :<\/p>\n<h2><strong>Paix, S\u00e9curit\u00e9 et Transformation des conflits<\/strong><\/h2>\n<p>Depuis 1996 jusqu\u2019aujourd\u2019hui, la RDC a \u00e9t\u00e9 r\u00e9put\u00e9e capitale mondiale du viol et, par ricochet, zone de commission des crimes de masse perp\u00e9tr\u00e9s par des groupes arm\u00e9s et des conflits politiques.<\/p>\n<p>Dans ce registre, la RDC connait une recrudescence des conflits arm\u00e9s \u00e0 l\u2019Est du Pays, opposant les forces loyalistes au groupe du M23 soutenu par le Rwanda. Dans le m\u00eame temps il se d\u00e9veloppe une ins\u00e9curit\u00e9 urbaine et p\u00e9ri urbaine simultan\u00e9ment dans la Ville de Kinshasa ainsi que les Provinces de Kwilu et de Kwango. Aussi, il faut noter une menace s\u00e9v\u00e8re qui p\u00e8se sur le vouloir vivre-ensemble \u00e0 cause des maux qui gangr\u00e8nent notre mythe fondateur. Il s\u2019agit du tribalisme, des discours de haine, de la x\u00e9nophobie et du repli identitaire.<\/p>\n<p>Sur ce, ce programme met en place diff\u00e9rents projets de construction de la paix et du vivre-ensemble par la promotion et la cr\u00e9ation des cadres de dialogue citoyen entre populations et acteurs politiques sur la paix durable et la r\u00e9conciliation nationale.<\/p>\n<p>Ces projets font \u00e9galement la promotion de l\u2019\u00e9ducation \u00e0 la paix et \u00e0 la sensibilisation au vivre-ensemble \u00e0 l\u2019int\u00e9rieur du Pays et au vivre en paix avec les populations voisines de la RDC.<\/p>\n<h2><strong>Droits humains et Migration<\/strong><\/h2>\n<p>Il est clairement constat\u00e9, depuis ces deux derni\u00e8res d\u00e9cennies, une recrudescence de violation des droits humains et libert\u00e9s fondamentales des citoyens. Sur cette liste, l\u2019on note : des meurtres\u00a0 secrets ou publics suites aux opinions politiques, des exils forc\u00e9s, des arrestations arbitraires , d\u00e9tention ill\u00e9gale , des traitements inhumains et d\u00e9gradants (Cf. D\u00e9claration Universelle des Droits de l\u2019Homme DUDH) , des traitements inhumains dans certains cachots, des conditions d\u00e9gradantes dans certaines prisons,\u00a0 et autres violations des droits et libert\u00e9s fondamentaux des citoyens restreintes lors notamment de diff\u00e9rentes manifestions publiques souvent dus aux opinions publiques et autres types de revendications\u00a0 des violations des libert\u00e9s fondamentales des citoyens lors de manifestations publiques, etc\u2026<\/p>\n<p>Dans le m\u00eame ordre d\u2019id\u00e9e, le contexte migratoire en RDC illustre des dynamiques complexes marqu\u00e9es par des d\u00e9placements massifs des populations internes et transfrontali\u00e8res souvent li\u00e9s aux conflits arm\u00e9s, conflits interethniques, \u00e0 l\u2019instabilit\u00e9 sociopolitique, l\u2019ins\u00e9curit\u00e9 judiciaire et aux conflits fonciers. Ce contexte est aggrav\u00e9 par des infrastructures insuffisantes et une gouvernance migratoire faible, limitant l\u2019acc\u00e8s aux services essentiels pour les d\u00e9plac\u00e9s et les communaut\u00e9s d\u2019accueil, rendant ainsi difficile une gestion efficace des flux migratoires.<\/p>\n<p>De cette occurrence, ce programme pr\u00e9voit des projets susceptibles de contribuer au renforcement de l\u2019ind\u00e9pendance de la justice en RDC. Il mettra \u00e9galement en place les m\u00e9canismes de monitoring sur l\u2019application des normes garantissant les droits et libert\u00e9s fondamentaux des citoyens.<\/p>\n<p>Subs\u00e9quemment, ce programme pr\u00e9voit des projets relatifs \u00e0 la promotion des m\u00e9canismes de Justice transitionnelle en RDC. Dans ce cas de figure, un accent particulier est mis sur les victimes des guerres, les enfants soldats ou ceux qui travaillent dans des carri\u00e8res mini\u00e8res, les femmes victimes de viols et autres atrocit\u00e9s, les exil\u00e9s politiques, etc\u2026<\/p>\n<p>Quelques projets vont accompagner les politiques publiques en mati\u00e8re migratoire ainsi que les initiatives de prise en charge des populations d\u00e9plac\u00e9es ou d\u00e9racin\u00e9es de leur milieu d\u2019origine.<\/p>\n<h2><strong>D\u00e9mocratie et Gouvernance<\/strong><\/h2>\n<p>En vue de concr\u00e9tiser le tournant d\u00e9cisif de l\u2019histoire politique de notre Pays par le passage du r\u00e9gime dictatorial au r\u00e9gime d\u00e9mocratique, la Constitution de 2006 consacre dans les dispositions de l\u2019article 1<sup>er<\/sup>, la forme et l\u2019organisation de l\u2019Etat de droit d\u00e9mocratique en RDC, visant la rationalisation et la s\u00e9paration du pouvoir politique au sein des Institutions \u00e9tatiques ainsi que la cons\u00e9cration de la souverainet\u00e9 au Peuple.<\/p>\n<p>La limitation de la dur\u00e9e et du nombre des mandats \u00e9lectifs, le mode de scrutin et le crit\u00e9rium d\u2019\u00e9ligibilit\u00e9, la forme repr\u00e9sentative de l\u2019Etat, le r\u00e9gime politique ainsi que la source du pouvoir en sont le soubassement. Ainsi, la Constitution de 2006, sp\u00e9cialement l\u2019article 211, institue, sur fond de la Loi organique, la Commission Electorale Nationale Ind\u00e9pendante pour mat\u00e9rialiser l\u2019expression d\u00e9mocratique du souverain primaire.<\/p>\n<p>Fort est de constater que depuis 2006 jusqu\u2019au scrutin de 2023, la Commission Electorale Nationale Ind\u00e9pendante devient un \u00e9l\u00e9ment crucial de crise post\u00e9lectorale. La perp\u00e9tuelle probl\u00e9matique de la non-conformit\u00e9 des r\u00e9sultats de la CENI \u00e0 l\u2019expression du souverain primaire demeure pos\u00e9e avec acuit\u00e9.<\/p>\n<p>Pour cause, l\u2019absence de l\u2019ind\u00e9pendance de la CENI du fait de la politisation et de l\u2019instrumentalisation dans le processus de la d\u00e9signation des animateurs de la CENI, la violation du cadre l\u00e9gal r\u00e9gulant l\u2019organisation des processus \u00e9lectoraux, le faible engagement des citoyens dans les processus \u00e9lectoraux, le manque d\u2019id\u00e9ologie politique claire dans le chef des partis et regroupements politiques, la transhumance politique, la pratique de corruption, etc.<\/p>\n<p>Ce programme vise contribuer dans l\u2019am\u00e9lioration du syst\u00e8me d\u00e9mocratique en RDC par le renforcement de l\u2019ind\u00e9pendance de la CENI. Il organise des projets qui mettent en place des m\u00e9canismes d\u2019\u00e9ducation civique et de sensibilisation \u00e9lectorale aux fins de renforcer l\u2019engagement citoyen dans la pratique d\u00e9mocratique. De ce fait, il met en place une mission d\u2019observation \u00e9lectorale qui accompagne le processus de long, moyen et court terme.<\/p>\n<p>S\u2019agissant de l\u2019aspect li\u00e9 \u00e0 l\u2019am\u00e9lioration de la gouvernance dans notre Pays, tel que relev\u00e9 par plusieurs organisations non gouvernementales au niveau national et international, ce programme vise fondamentalement\u00a0 lutter contre les antivaleurs dans la gestion de la R\u00e9publique\u00a0 avec comme corollaires la corruption, le d\u00e9tournement des deniers publics, le blanchiment des capitaux et le financement du terrorisme, l\u2019\u00e9vasion fiscale, le d\u00e9lit d\u2019initi\u00e9 et le manque de rationalisation dans la proc\u00e9dure de d\u00e9penses du tr\u00e9sor public.<\/p>\n<p>Plus encore, ce programme pr\u00e9voit contribuer \u00e0 la promotion du civisme fiscal tant au niveau des dirigeants qu\u2019au niveau des citoyens. D\u2019un c\u00f4t\u00e9, il vise sensibiliser les dirigeants \u00e0 assurer une gestion rationnelle des imp\u00f4ts et taxes \u00e0 tout le niveau. De l\u2019autre c\u00f4t\u00e9, il vise conscientiser les citoyens \u00e0 observer l\u2019obligation fiscale (payer diff\u00e9rents imp\u00f4ts et taxes).\u00a0<\/p>\n<p>A ce titre, ce programme pr\u00e9voit des projets des campagnes de civisme fiscal, de lutte contre la corruption et le d\u00e9tournement des deniers publics de contr\u00f4le citoyen sur l\u2019ex\u00e9cution du budget de l\u2019Etat et celui des entit\u00e9s territoriales d\u00e9centralis\u00e9es. Dans ces conditions, ce programme contribue \u00e0 l\u2019am\u00e9lioration du climat des affaires et \u00e0 la stabilit\u00e9 macro-\u00e9conomique en RDC.\u00a0<\/p>\n<p>Plusieurs autres projets de ce programme s\u2019int\u00e9ressent au d\u00e9veloppement \u00e0 la base, appuyant ainsi les politiques publiques d\u00e9centralis\u00e9es en vue de concr\u00e9tiser le d\u00e9veloppement inclusif et durable par l\u2019engagement civique en RDC.<\/p>\n<h2><strong>Sauvegarde de la Cr\u00e9ation<\/strong><\/h2>\n<p>Le r\u00e9cit biblique sur la cosmog\u00e9n\u00e8se, notamment en Gen\u00e8se 1 et 2, montre comment l\u2019Eternel est l\u2019auteur de l\u2019\u0153uvre de la cr\u00e9ation avec tous leurs \u00e9cosyst\u00e8mes. C\u2019est \u00e0 ce titre que l\u2019une des recommandations clairement formul\u00e9es \u00e0 l\u2019homme est d\u2019entretenir la terre, de la prot\u00e9ger et de la cultiver (Gen\u00e8se 1, 27 et 28).<\/p>\n<p>De cette occurrence, la RDC regorge une immense potentialit\u00e9 en terres arables, des ressources naturelles et environnementales d\u00e9terminantes pour la survie de la plan\u00e8te, jouant ainsi un r\u00f4le incontestable de Pays-solution dans la lutte contre l\u2019ins\u00e9curit\u00e9 alimentaire, le r\u00e9chauffement climatique et la transition \u00e9nerg\u00e9tique.<\/p>\n<p>Par ailleurs, les effets du changement climatique, particuli\u00e8rement en RDC et g\u00e9n\u00e9ralement dans le monde, deviennent de plus en plus fr\u00e9quents \u00e0 cause de l\u2019\u00e9volution exponentielle du taux de pollution des eaux, de sol et de l\u2019air par l\u2019industrialisation et la mauvaise gestion des d\u00e9chets. L\u2019action filtrante de la couche d\u2019ozone conna\u00eet une baisse stratosph\u00e9rique et d\u00e9structure la temp\u00e9rature de l\u2019atmosph\u00e8re terrestre. Ce bouleversement a comme cons\u00e9quence l\u2019augmentation de l\u2019ins\u00e9curit\u00e9 sanitaire et alimentaire ainsi que l\u2019augmentation de la temp\u00e9rature mondiale \u00e0 pr\u00e8s de 1,5\u00b0C, avec risque que cela atteigne finalement le 2\u00b0C ou plus, fragilisant ainsi les engagements pourtant pris par les Etats lors de la Conf\u00e9rence des Nations-Unies sur les changements climatiques \u00e0 Paris (COP 21), de ne pas atteindre ce seuil.<\/p>\n<p>C\u2019est dans ce contexte que la RDC s\u2019est engag\u00e9e, \u00e0 la COP de 2015 \u00e0 Paris, \u00e0 r\u00e9duire \u00e0 l\u2019ordre de 17% d\u2019ici 2030 ses \u00e9missions de gaz \u00e0 effet de serre dans trois secteurs, notamment For\u00eat, Agriculture et Energie, avant d\u2019\u00eatre r\u00e9vis\u00e9e en 2021 en rajoutant le domaine de gestion des d\u00e9chets pour atteindre dans la m\u00eame plage de temps un taux de r\u00e9duction de 21% de ses \u00e9missions. Dans le m\u00eame registre d\u2019engagement, la RDC a \u00e9labor\u00e9 le Plan national d\u2019adaptation au changement climatique (2022-2026).<\/p>\n<p>A ce titre, ce programme vise \u00e0 \u00e9laborer la politique strat\u00e9gique de l\u2019ECC\/JPSC en mati\u00e8re de sauvegarde de la cr\u00e9ation en vue d\u2019accompagner la RDC \u00e0 r\u00e9aliser sa Contribution D\u00e9termin\u00e9e \u00e0 \u00e9chelle Nationale (CDN). Pour y parvenir, l\u2019ECC\/JPSC travaille, d\u2019une part, de mani\u00e8re individuelle et, d\u2019autre part, en partenariat \u00e9tatique, \u0153cum\u00e9nique, bilat\u00e9ral et multilat\u00e9ral dans les initiatives qui poursuivent les objectifs susmentionn\u00e9s.<\/p>\n<p>De ce fait, l\u2019ECC\/JPSC \u00e9labore et met en \u0153uvre des projets en lien avec la protection des for\u00eats et de la biodiversit\u00e9, l\u2019am\u00e9lioration et la protection des conditions environnementales de grandes villes, la s\u00e9curit\u00e9 sanitaire et alimentaire ainsi que la surveillance de l\u2019exploitation des ressources naturelles en RDC.<\/p>\n<p><a href=\"#_ftnref1\" name=\"_ftn1\"><\/a><\/p>\n\t\t\t\t\t\t\t\t<\/div>\n\t\t\t\t<\/div>\n\t\t\t\t<\/div>\n\t\t<div class=\"elementor-element elementor-element-0ab828d e-con-full e-flex e-con e-child\" data-id=\"0ab828d\" data-element_type=\"container\" data-e-type=\"container\">\n\t\t\t\t<\/div>\n\t\t\t\t\t<\/div>\n\t\t\t\t<\/div>\n\t\t\t\t<\/div>\n\t\t","protected":false},"excerpt":{"rendered":"<p>Domaines d\u2019intervention Selon les dispositions statutaires, les domaines d\u2019intervention sont exprim\u00e9s en termes de programmes. A travers ses programmes expliqu\u00e9s dans les lignes qui suivent, la Commission vise \u00e0 accompagner les Institutions sociopolitiques pour la r\u00e9alisation du bien-\u00eatre et mieux-\u00eatre des Congolais. Les quatre principaux programmes de l\u2019ECC\/JPSC se pr\u00e9sentent de la mani\u00e8re suivante : [&hellip;]<\/p>\n","protected":false},"author":1,"featured_media":0,"parent":0,"menu_order":0,"comment_status":"closed","ping_status":"closed","template":"elementor_header_footer","meta":{"_monsterinsights_skip_tracking":false,"_monsterinsights_sitenote_active":false,"_monsterinsights_sitenote_note":"","_monsterinsights_sitenote_category":0,"footnotes":""},"class_list":["post-17182","page","type-page","status-publish","hentry"],"_links":{"self":[{"href":"https:\/\/cjpsc-ecc.org\/accueil\/wp-json\/wp\/v2\/pages\/17182","targetHints":{"allow":["GET"]}}],"collection":[{"href":"https:\/\/cjpsc-ecc.org\/accueil\/wp-json\/wp\/v2\/pages"}],"about":[{"href":"https:\/\/cjpsc-ecc.org\/accueil\/wp-json\/wp\/v2\/types\/page"}],"author":[{"embeddable":true,"href":"https:\/\/cjpsc-ecc.org\/accueil\/wp-json\/wp\/v2\/users\/1"}],"replies":[{"embeddable":true,"href":"https:\/\/cjpsc-ecc.org\/accueil\/wp-json\/wp\/v2\/comments?post=17182"}],"version-history":[{"count":25,"href":"https:\/\/cjpsc-ecc.org\/accueil\/wp-json\/wp\/v2\/pages\/17182\/revisions"}],"predecessor-version":[{"id":17607,"href":"https:\/\/cjpsc-ecc.org\/accueil\/wp-json\/wp\/v2\/pages\/17182\/revisions\/17607"}],"wp:attachment":[{"href":"https:\/\/cjpsc-ecc.org\/accueil\/wp-json\/wp\/v2\/media?parent=17182"}],"curies":[{"name":"wp","href":"https:\/\/api.w.org\/{rel}","templated":true}]}}