{"id":17184,"date":"2025-03-22T18:07:49","date_gmt":"2025-03-22T17:07:49","guid":{"rendered":"https:\/\/cjpsc-ecc.org\/accueil\/?page_id=17184"},"modified":"2025-07-05T16:06:16","modified_gmt":"2025-07-05T14:06:16","slug":"03-actualites","status":"publish","type":"page","link":"https:\/\/cjpsc-ecc.org\/accueil\/03-actualites\/","title":{"rendered":"Actualit\u00e9s"},"content":{"rendered":"\t\t<div data-elementor-type=\"wp-page\" data-elementor-id=\"17184\" class=\"elementor elementor-17184\" data-elementor-post-type=\"page\">\n\t\t\t\t<div class=\"elementor-element elementor-element-5c61067b e-flex e-con-boxed e-con e-parent\" data-id=\"5c61067b\" data-element_type=\"container\" data-e-type=\"container\">\n\t\t\t\t\t<div class=\"e-con-inner\">\n\t\t\t\t<div class=\"elementor-element elementor-element-3a804f2 elementor-grid-3 elementor-grid-tablet-2 elementor-grid-mobile-1 elementor-posts--thumbnail-top elementor-widget elementor-widget-posts\" data-id=\"3a804f2\" data-element_type=\"widget\" data-e-type=\"widget\" data-settings=\"{&quot;pagination_type&quot;:&quot;prev_next&quot;,&quot;classic_columns&quot;:&quot;3&quot;,&quot;classic_columns_tablet&quot;:&quot;2&quot;,&quot;classic_columns_mobile&quot;:&quot;1&quot;,&quot;classic_row_gap&quot;:{&quot;unit&quot;:&quot;px&quot;,&quot;size&quot;:35,&quot;sizes&quot;:[]},&quot;classic_row_gap_tablet&quot;:{&quot;unit&quot;:&quot;px&quot;,&quot;size&quot;:&quot;&quot;,&quot;sizes&quot;:[]},&quot;classic_row_gap_mobile&quot;:{&quot;unit&quot;:&quot;px&quot;,&quot;size&quot;:&quot;&quot;,&quot;sizes&quot;:[]}}\" data-widget_type=\"posts.classic\">\n\t\t\t\t<div class=\"elementor-widget-container\">\n\t\t\t\t\t\t\t<div class=\"elementor-posts-container elementor-posts elementor-posts--skin-classic elementor-grid\">\n\t\t\t\t<article class=\"elementor-post elementor-grid-item post-17872 post type-post status-publish format-standard has-post-thumbnail hentry category-non-classe\">\n\t\t\t\t<a class=\"elementor-post__thumbnail__link\" href=\"https:\/\/cjpsc-ecc.org\/accueil\/2026\/05\/01\/rdc-leglise-du-christ-au-congo-se-mobilise-pour-un-cadre-electoral-credible-et-fiable\/\" tabindex=\"-1\" >\n\t\t\t<div class=\"elementor-post__thumbnail\"><img fetchpriority=\"high\" width=\"300\" height=\"199\"  class=\"attachment-medium size-medium wp-image-17876 lws-optimize-lazyload\" alt=\"\" \/ data-src=\"https:\/\/cjpsc-ecc.org\/accueil\/wp-content\/uploads\/2026\/05\/original-5D413B9D-EFA3-4D98-8B69-DBEE500C756C-300x199.jpeg\" srcset=\"https:\/\/cjpsc-ecc.org\/accueil\/wp-content\/uploads\/2026\/05\/original-5D413B9D-EFA3-4D98-8B69-DBEE500C756C-300x199.jpeg 300w, https:\/\/cjpsc-ecc.org\/accueil\/wp-content\/uploads\/2026\/05\/original-5D413B9D-EFA3-4D98-8B69-DBEE500C756C-1024x680.jpeg 1024w, https:\/\/cjpsc-ecc.org\/accueil\/wp-content\/uploads\/2026\/05\/original-5D413B9D-EFA3-4D98-8B69-DBEE500C756C-768x510.jpeg 768w, https:\/\/cjpsc-ecc.org\/accueil\/wp-content\/uploads\/2026\/05\/original-5D413B9D-EFA3-4D98-8B69-DBEE500C756C-600x400.jpeg 600w, https:\/\/cjpsc-ecc.org\/accueil\/wp-content\/uploads\/2026\/05\/original-5D413B9D-EFA3-4D98-8B69-DBEE500C756C-450x300.jpeg 450w, https:\/\/cjpsc-ecc.org\/accueil\/wp-content\/uploads\/2026\/05\/original-5D413B9D-EFA3-4D98-8B69-DBEE500C756C.jpeg 1063w\" sizes=\"(max-width: 300px) 100vw, 300px\" \/><\/div>\n\t\t<\/a>\n\t\t\t\t<div class=\"elementor-post__text\">\n\t\t\t\t<h3 class=\"elementor-post__title\">\n\t\t\t<a href=\"https:\/\/cjpsc-ecc.org\/accueil\/2026\/05\/01\/rdc-leglise-du-christ-au-congo-se-mobilise-pour-un-cadre-electoral-credible-et-fiable\/\" >\n\t\t\t\tRDC : L\u2019Eglise du Christ au Congo se mobilise pour un cadre \u00e9lectoral cr\u00e9dible et fiable.\t\t\t<\/a>\n\t\t<\/h3>\n\t\t\t\t<div class=\"elementor-post__meta-data\">\n\t\t\t\t\t<span class=\"elementor-post-date\">\n\t\t\t1 mai 2026\t\t<\/span>\n\t\t\t\t<span class=\"elementor-post-avatar\">\n\t\t\tAucun commentaire\t\t<\/span>\n\t\t\t\t<\/div>\n\t\t\n\t\t<a class=\"elementor-post__read-more\" href=\"https:\/\/cjpsc-ecc.org\/accueil\/2026\/05\/01\/rdc-leglise-du-christ-au-congo-se-mobilise-pour-un-cadre-electoral-credible-et-fiable\/\" aria-label=\"En savoir plus sur RDC : L\u2019Eglise du Christ au Congo se mobilise pour un cadre \u00e9lectoral cr\u00e9dible et fiable.\" tabindex=\"-1\" >\n\t\t\tLire la suite \u00bb\t\t<\/a>\n\n\t\t\t\t<\/div>\n\t\t\t\t<\/article>\n\t\t\t\t<article class=\"elementor-post elementor-grid-item post-17746 post type-post status-publish format-standard has-post-thumbnail hentry category-non-classe\">\n\t\t\t\t<a class=\"elementor-post__thumbnail__link\" href=\"https:\/\/cjpsc-ecc.org\/accueil\/2025\/06\/28\/le-secretaire-general-de-lonu-salue-linitiative-du-pacte-social-copy-3\/\" tabindex=\"-1\" >\n\t\t\t<div class=\"elementor-post__thumbnail\"><img width=\"300\" height=\"135\"  class=\"attachment-medium size-medium wp-image-17751 lws-optimize-lazyload\" alt=\"\" \/ data-src=\"https:\/\/cjpsc-ecc.org\/accueil\/wp-content\/uploads\/2025\/07\/WhatsApp-Image-2025-06-28-a-11.44.58_df3fe749-300x135.jpg\" srcset=\"https:\/\/cjpsc-ecc.org\/accueil\/wp-content\/uploads\/2025\/07\/WhatsApp-Image-2025-06-28-a-11.44.58_df3fe749-300x135.jpg 300w, https:\/\/cjpsc-ecc.org\/accueil\/wp-content\/uploads\/2025\/07\/WhatsApp-Image-2025-06-28-a-11.44.58_df3fe749-1024x461.jpg 1024w, https:\/\/cjpsc-ecc.org\/accueil\/wp-content\/uploads\/2025\/07\/WhatsApp-Image-2025-06-28-a-11.44.58_df3fe749-768x346.jpg 768w, https:\/\/cjpsc-ecc.org\/accueil\/wp-content\/uploads\/2025\/07\/WhatsApp-Image-2025-06-28-a-11.44.58_df3fe749-1536x692.jpg 1536w, https:\/\/cjpsc-ecc.org\/accueil\/wp-content\/uploads\/2025\/07\/WhatsApp-Image-2025-06-28-a-11.44.58_df3fe749-2048x922.jpg 2048w\" sizes=\"(max-width: 300px) 100vw, 300px\" \/><\/div>\n\t\t<\/a>\n\t\t\t\t<div class=\"elementor-post__text\">\n\t\t\t\t<h3 class=\"elementor-post__title\">\n\t\t\t<a href=\"https:\/\/cjpsc-ecc.org\/accueil\/2025\/06\/28\/le-secretaire-general-de-lonu-salue-linitiative-du-pacte-social-copy-3\/\" >\n\t\t\t\tPr\u00e9sentation du rapport d\u2019information de la phase pr\u00e9liminaire de l\u2019initiative du Pacte Social pour la Paix et le Bien vivre ensemble en RDC et dans les Grands Lacs\t\t\t<\/a>\n\t\t<\/h3>\n\t\t\t\t<div class=\"elementor-post__meta-data\">\n\t\t\t\t\t<span class=\"elementor-post-date\">\n\t\t\t28 juin 2025\t\t<\/span>\n\t\t\t\t<span class=\"elementor-post-avatar\">\n\t\t\tAucun commentaire\t\t<\/span>\n\t\t\t\t<\/div>\n\t\t\n\t\t<a class=\"elementor-post__read-more\" href=\"https:\/\/cjpsc-ecc.org\/accueil\/2025\/06\/28\/le-secretaire-general-de-lonu-salue-linitiative-du-pacte-social-copy-3\/\" aria-label=\"En savoir plus sur Pr\u00e9sentation du rapport d\u2019information de la phase pr\u00e9liminaire de l\u2019initiative du Pacte Social pour la Paix et le Bien vivre ensemble en RDC et dans les Grands Lacs\" tabindex=\"-1\" >\n\t\t\tLire la suite \u00bb\t\t<\/a>\n\n\t\t\t\t<\/div>\n\t\t\t\t<\/article>\n\t\t\t\t<article class=\"elementor-post elementor-grid-item post-17447 post type-post status-publish format-standard has-post-thumbnail hentry category-non-classe\">\n\t\t\t\t<a class=\"elementor-post__thumbnail__link\" href=\"https:\/\/cjpsc-ecc.org\/accueil\/2025\/04\/03\/les-chefs-des-confessions-religieuses-saluent-linitiative-du-pacte-social-pour-la-paix-et-le-bien-vivre-ensemble-copy\/\" tabindex=\"-1\" >\n\t\t\t<div class=\"elementor-post__thumbnail\"><img width=\"300\" height=\"113\"  class=\"attachment-medium size-medium wp-image-17455 lws-optimize-lazyload\" alt=\"\" \/ data-src=\"https:\/\/cjpsc-ecc.org\/accueil\/wp-content\/uploads\/2025\/05\/IMG-20250403-WA01022-1170x620-1-e1746526161695-300x113.jpg\" srcset=\"https:\/\/cjpsc-ecc.org\/accueil\/wp-content\/uploads\/2025\/05\/IMG-20250403-WA01022-1170x620-1-e1746526161695-300x113.jpg 300w, https:\/\/cjpsc-ecc.org\/accueil\/wp-content\/uploads\/2025\/05\/IMG-20250403-WA01022-1170x620-1-e1746526161695-1024x386.jpg 1024w, https:\/\/cjpsc-ecc.org\/accueil\/wp-content\/uploads\/2025\/05\/IMG-20250403-WA01022-1170x620-1-e1746526161695-768x289.jpg 768w, https:\/\/cjpsc-ecc.org\/accueil\/wp-content\/uploads\/2025\/05\/IMG-20250403-WA01022-1170x620-1-e1746526161695.jpg 1168w\" sizes=\"(max-width: 300px) 100vw, 300px\" \/><\/div>\n\t\t<\/a>\n\t\t\t\t<div class=\"elementor-post__text\">\n\t\t\t\t<h3 class=\"elementor-post__title\">\n\t\t\t<a href=\"https:\/\/cjpsc-ecc.org\/accueil\/2025\/04\/03\/les-chefs-des-confessions-religieuses-saluent-linitiative-du-pacte-social-pour-la-paix-et-le-bien-vivre-ensemble-copy\/\" >\n\t\t\t\tLe Secr\u00e9taire G\u00e9n\u00e9ral de l\u2019ONU salue l&rsquo;initiative du Pacte Social.\t\t\t<\/a>\n\t\t<\/h3>\n\t\t\t\t<div class=\"elementor-post__meta-data\">\n\t\t\t\t\t<span class=\"elementor-post-date\">\n\t\t\t3 avril 2025\t\t<\/span>\n\t\t\t\t<span class=\"elementor-post-avatar\">\n\t\t\tAucun commentaire\t\t<\/span>\n\t\t\t\t<\/div>\n\t\t\n\t\t<a class=\"elementor-post__read-more\" href=\"https:\/\/cjpsc-ecc.org\/accueil\/2025\/04\/03\/les-chefs-des-confessions-religieuses-saluent-linitiative-du-pacte-social-pour-la-paix-et-le-bien-vivre-ensemble-copy\/\" aria-label=\"En savoir plus sur Le Secr\u00e9taire G\u00e9n\u00e9ral de l\u2019ONU salue l&rsquo;initiative du Pacte Social.\" tabindex=\"-1\" >\n\t\t\tLire la suite \u00bb\t\t<\/a>\n\n\t\t\t\t<\/div>\n\t\t\t\t<\/article>\n\t\t\t\t<article class=\"elementor-post elementor-grid-item post-17464 post type-post status-publish format-standard has-post-thumbnail hentry category-non-classe\">\n\t\t\t\t<a class=\"elementor-post__thumbnail__link\" href=\"https:\/\/cjpsc-ecc.org\/accueil\/2025\/03\/28\/soutien-sans-equivoque-du-prix-nobel-de-la-paix-denis-mukwege-au-pacte-social-pour-la-paix-et-le-bien-vivre-ensemble-porte-par-la-cenco-et-lecc\/\" tabindex=\"-1\" >\n\t\t\t<div class=\"elementor-post__thumbnail\"><img loading=\"lazy\" width=\"300\" height=\"143\"  class=\"attachment-medium size-medium wp-image-17465 lws-optimize-lazyload\" alt=\"\" \/ data-src=\"https:\/\/cjpsc-ecc.org\/accueil\/wp-content\/uploads\/2025\/05\/IMG-20250328-WA0070-300x143.jpg\" srcset=\"https:\/\/cjpsc-ecc.org\/accueil\/wp-content\/uploads\/2025\/05\/IMG-20250328-WA0070-300x143.jpg 300w, https:\/\/cjpsc-ecc.org\/accueil\/wp-content\/uploads\/2025\/05\/IMG-20250328-WA0070-768x366.jpg 768w, https:\/\/cjpsc-ecc.org\/accueil\/wp-content\/uploads\/2025\/05\/IMG-20250328-WA0070.jpg 945w\" sizes=\"(max-width: 300px) 100vw, 300px\" \/><\/div>\n\t\t<\/a>\n\t\t\t\t<div class=\"elementor-post__text\">\n\t\t\t\t<h3 class=\"elementor-post__title\">\n\t\t\t<a href=\"https:\/\/cjpsc-ecc.org\/accueil\/2025\/03\/28\/soutien-sans-equivoque-du-prix-nobel-de-la-paix-denis-mukwege-au-pacte-social-pour-la-paix-et-le-bien-vivre-ensemble-porte-par-la-cenco-et-lecc\/\" >\n\t\t\t\tSoutien sans \u00e9quivoque du Prix Nobel de la Paix, Denis Mukwege, au Pacte Social.\t\t\t<\/a>\n\t\t<\/h3>\n\t\t\t\t<div class=\"elementor-post__meta-data\">\n\t\t\t\t\t<span class=\"elementor-post-date\">\n\t\t\t28 mars 2025\t\t<\/span>\n\t\t\t\t<span class=\"elementor-post-avatar\">\n\t\t\tAucun commentaire\t\t<\/span>\n\t\t\t\t<\/div>\n\t\t\n\t\t<a class=\"elementor-post__read-more\" href=\"https:\/\/cjpsc-ecc.org\/accueil\/2025\/03\/28\/soutien-sans-equivoque-du-prix-nobel-de-la-paix-denis-mukwege-au-pacte-social-pour-la-paix-et-le-bien-vivre-ensemble-porte-par-la-cenco-et-lecc\/\" aria-label=\"En savoir plus sur Soutien sans \u00e9quivoque du Prix Nobel de la Paix, Denis Mukwege, au Pacte Social.\" tabindex=\"-1\" >\n\t\t\tLire la suite \u00bb\t\t<\/a>\n\n\t\t\t\t<\/div>\n\t\t\t\t<\/article>\n\t\t\t\t<article class=\"elementor-post elementor-grid-item post-17481 post type-post status-publish format-standard has-post-thumbnail hentry category-non-classe\">\n\t\t\t\t<a class=\"elementor-post__thumbnail__link\" href=\"https:\/\/cjpsc-ecc.org\/accueil\/2025\/03\/20\/le-vice-premier-ministre-belge-salue-la-demarche-ouverte-et-inclusive-du-pacte-social\/\" tabindex=\"-1\" >\n\t\t\t<div class=\"elementor-post__thumbnail\"><img loading=\"lazy\" width=\"300\" height=\"225\"  class=\"attachment-medium size-medium wp-image-17483 lws-optimize-lazyload\" alt=\"\" \/ data-src=\"https:\/\/cjpsc-ecc.org\/accueil\/wp-content\/uploads\/2025\/03\/CENCO-ECC-en-france-chez-macron-2025-300x225.jpg\" srcset=\"https:\/\/cjpsc-ecc.org\/accueil\/wp-content\/uploads\/2025\/03\/CENCO-ECC-en-france-chez-macron-2025-300x225.jpg 300w, https:\/\/cjpsc-ecc.org\/accueil\/wp-content\/uploads\/2025\/03\/CENCO-ECC-en-france-chez-macron-2025-768x576.jpg 768w, https:\/\/cjpsc-ecc.org\/accueil\/wp-content\/uploads\/2025\/03\/CENCO-ECC-en-france-chez-macron-2025.jpg 800w\" sizes=\"(max-width: 300px) 100vw, 300px\" \/><\/div>\n\t\t<\/a>\n\t\t\t\t<div class=\"elementor-post__text\">\n\t\t\t\t<h3 class=\"elementor-post__title\">\n\t\t\t<a href=\"https:\/\/cjpsc-ecc.org\/accueil\/2025\/03\/20\/le-vice-premier-ministre-belge-salue-la-demarche-ouverte-et-inclusive-du-pacte-social\/\" >\n\t\t\t\tLe vice-premier ministre Belge salue la d\u00e9marche \u201couverte et inclusive du pacte social\t\t\t<\/a>\n\t\t<\/h3>\n\t\t\t\t<div class=\"elementor-post__meta-data\">\n\t\t\t\t\t<span class=\"elementor-post-date\">\n\t\t\t20 mars 2025\t\t<\/span>\n\t\t\t\t<span class=\"elementor-post-avatar\">\n\t\t\tAucun commentaire\t\t<\/span>\n\t\t\t\t<\/div>\n\t\t\n\t\t<a class=\"elementor-post__read-more\" href=\"https:\/\/cjpsc-ecc.org\/accueil\/2025\/03\/20\/le-vice-premier-ministre-belge-salue-la-demarche-ouverte-et-inclusive-du-pacte-social\/\" aria-label=\"En savoir plus sur Le vice-premier ministre Belge salue la d\u00e9marche \u201couverte et inclusive du pacte social\" tabindex=\"-1\" >\n\t\t\tLire la suite \u00bb\t\t<\/a>\n\n\t\t\t\t<\/div>\n\t\t\t\t<\/article>\n\t\t\t\t<article class=\"elementor-post elementor-grid-item post-17437 post type-post status-publish format-standard has-post-thumbnail hentry category-non-classe\">\n\t\t\t\t<a class=\"elementor-post__thumbnail__link\" href=\"https:\/\/cjpsc-ecc.org\/accueil\/2025\/02\/07\/consultations-de-lecc-et-de-la-cenco-les-chefs-des-confessions-religieuses-saluent-linitiative-du-pacte-social-pour-la-paix-et-le-bien-vivre-ensemble\/\" tabindex=\"-1\" >\n\t\t\t<div class=\"elementor-post__thumbnail\"><img loading=\"lazy\" width=\"300\" height=\"168\"  class=\"attachment-medium size-medium wp-image-17441 lws-optimize-lazyload\" alt=\"\" \/ data-src=\"https:\/\/cjpsc-ecc.org\/accueil\/wp-content\/uploads\/2025\/05\/cenco-ecc-et-les-chefs-des-confessions-religieuses-1024x573-1-300x168.jpeg\" srcset=\"https:\/\/cjpsc-ecc.org\/accueil\/wp-content\/uploads\/2025\/05\/cenco-ecc-et-les-chefs-des-confessions-religieuses-1024x573-1-300x168.jpeg 300w, https:\/\/cjpsc-ecc.org\/accueil\/wp-content\/uploads\/2025\/05\/cenco-ecc-et-les-chefs-des-confessions-religieuses-1024x573-1-768x430.jpeg 768w, https:\/\/cjpsc-ecc.org\/accueil\/wp-content\/uploads\/2025\/05\/cenco-ecc-et-les-chefs-des-confessions-religieuses-1024x573-1.jpeg 1024w\" sizes=\"(max-width: 300px) 100vw, 300px\" \/><\/div>\n\t\t<\/a>\n\t\t\t\t<div class=\"elementor-post__text\">\n\t\t\t\t<h3 class=\"elementor-post__title\">\n\t\t\t<a href=\"https:\/\/cjpsc-ecc.org\/accueil\/2025\/02\/07\/consultations-de-lecc-et-de-la-cenco-les-chefs-des-confessions-religieuses-saluent-linitiative-du-pacte-social-pour-la-paix-et-le-bien-vivre-ensemble\/\" >\n\t\t\t\tLes chefs des confessions religieuses saluent l\u2019initiative du Pacte Social.\t\t\t<\/a>\n\t\t<\/h3>\n\t\t\t\t<div class=\"elementor-post__meta-data\">\n\t\t\t\t\t<span class=\"elementor-post-date\">\n\t\t\t7 f\u00e9vrier 2025\t\t<\/span>\n\t\t\t\t<span class=\"elementor-post-avatar\">\n\t\t\tAucun commentaire\t\t<\/span>\n\t\t\t\t<\/div>\n\t\t\n\t\t<a class=\"elementor-post__read-more\" href=\"https:\/\/cjpsc-ecc.org\/accueil\/2025\/02\/07\/consultations-de-lecc-et-de-la-cenco-les-chefs-des-confessions-religieuses-saluent-linitiative-du-pacte-social-pour-la-paix-et-le-bien-vivre-ensemble\/\" aria-label=\"En savoir plus sur Les chefs des confessions religieuses saluent l\u2019initiative du Pacte Social.\" tabindex=\"-1\" >\n\t\t\tLire la suite \u00bb\t\t<\/a>\n\n\t\t\t\t<\/div>\n\t\t\t\t<\/article>\n\t\t\t\t<\/div>\n\t\t\n\t\t\t\t<div class=\"e-load-more-anchor\" data-page=\"1\" data-max-page=\"3\" data-next-page=\"https:\/\/cjpsc-ecc.org\/accueil\/wp-json\/wp\/v2\/pages\/17184\/page\/2\/\"><\/div>\n\t\t\t\t<nav class=\"elementor-pagination\" aria-label=\"Pagination\">\n\t\t\t<span class=\"page-numbers prev\">&laquo; Pr\u00e9c\u00e9dent<\/span>\n<a class=\"page-numbers next\" href=\"https:\/\/cjpsc-ecc.org\/accueil\/wp-json\/wp\/v2\/pages\/17184\/page\/2\/\">Suivant &raquo;<\/a>\t\t<\/nav>\n\t\t\t\t\t\t<\/div>\n\t\t\t\t<\/div>\n\t\t\t\t\t<\/div>\n\t\t\t\t<\/div>\n\t\t\t\t<\/div>\n\t\t","protected":false},"excerpt":{"rendered":"","protected":false},"author":1,"featured_media":0,"parent":0,"menu_order":0,"comment_status":"closed","ping_status":"closed","template":"","meta":{"_monsterinsights_skip_tracking":false,"_monsterinsights_sitenote_active":false,"_monsterinsights_sitenote_note":"","_monsterinsights_sitenote_category":0,"footnotes":""},"class_list":["post-17184","page","type-page","status-publish","hentry"],"_links":{"self":[{"href":"https:\/\/cjpsc-ecc.org\/accueil\/wp-json\/wp\/v2\/pages\/17184","targetHints":{"allow":["GET"]}}],"collection":[{"href":"https:\/\/cjpsc-ecc.org\/accueil\/wp-json\/wp\/v2\/pages"}],"about":[{"href":"https:\/\/cjpsc-ecc.org\/accueil\/wp-json\/wp\/v2\/types\/page"}],"author":[{"embeddable":true,"href":"https:\/\/cjpsc-ecc.org\/accueil\/wp-json\/wp\/v2\/users\/1"}],"replies":[{"embeddable":true,"href":"https:\/\/cjpsc-ecc.org\/accueil\/wp-json\/wp\/v2\/comments?post=17184"}],"version-history":[{"count":8,"href":"https:\/\/cjpsc-ecc.org\/accueil\/wp-json\/wp\/v2\/pages\/17184\/revisions"}],"predecessor-version":[{"id":17745,"href":"https:\/\/cjpsc-ecc.org\/accueil\/wp-json\/wp\/v2\/pages\/17184\/revisions\/17745"}],"wp:attachment":[{"href":"https:\/\/cjpsc-ecc.org\/accueil\/wp-json\/wp\/v2\/media?parent=17184"}],"curies":[{"name":"wp","href":"https:\/\/api.w.org\/{rel}","templated":true}]}}