{"id":17219,"date":"2025-03-24T19:25:46","date_gmt":"2025-03-24T18:25:46","guid":{"rendered":"https:\/\/cjpsc-ecc.org\/accueil\/?page_id=17219"},"modified":"2025-05-09T14:32:35","modified_gmt":"2025-05-09T12:32:35","slug":"01-a-propos","status":"publish","type":"page","link":"https:\/\/cjpsc-ecc.org\/accueil\/01-a-propos\/","title":{"rendered":"A propos"},"content":{"rendered":"\t\t<div data-elementor-type=\"wp-page\" data-elementor-id=\"17219\" class=\"elementor elementor-17219\" data-elementor-post-type=\"page\">\n\t\t\t\t<div class=\"elementor-element elementor-element-1dcd8ea e-flex e-con-boxed e-con e-parent\" data-id=\"1dcd8ea\" data-element_type=\"container\" data-e-type=\"container\">\n\t\t\t\t\t<div class=\"e-con-inner\">\n\t\t<div class=\"elementor-element elementor-element-9f7e0b9 e-con-full e-flex e-con e-child\" data-id=\"9f7e0b9\" data-element_type=\"container\" data-e-type=\"container\">\n\t\t\t\t<div class=\"elementor-element elementor-element-9eceda6 elementor-widget elementor-widget-text-editor\" data-id=\"9eceda6\" data-element_type=\"widget\" data-e-type=\"widget\" data-widget_type=\"text-editor.default\">\n\t\t\t\t<div class=\"elementor-widget-container\">\n\t\t\t\t\t\t\t\t\t<h2>A propos de nous<\/h2>\n<p>C\u2019est depuis l\u2019an 1878, c\u2019est-\u00e0-dire sept ans (1885) avant la naissance de l\u2019Etat Ind\u00e9pendant du Congo et trente ans (1908) avant le Congo Belge voire quatre-vingt-deux ans (1960) avant l\u2019ind\u00e9pendance de la R\u00e9publique D\u00e9mocratique du Congo, que la Mission d\u2019Evang\u00e9lisation au Congo (MEC) a implant\u00e9 l\u2019Eglise Protestante au Congo (EPC).<\/p>\n<p>A cet effet, il convient de noter que c\u2019est depuis le 08 mars 1970 que l\u2019Eglise Protestante au Congo a pris l\u2019expression juridique de l\u2019Eglise du Christ au Congo, en sigle ECC, en vue de mat\u00e9rialiser son unit\u00e9 organique. Actuellement, elle regorge 103 communaut\u00e9s et les Aum\u00f4neries pr\u00e8s l\u2019Enseignement Sup\u00e9rieur et Universitaire, les Forces arm\u00e9es de la RDC, la Police nationale congolaise, les H\u00f4pitaux et les Prisons. L\u2019ensemble du r\u00e9seau protestant en RDC repr\u00e9sente \u00e0 ce jour pr\u00e8s de 45.907.596 membres, plus de 576.181 Paroisses et plus de 55.000 pasteurs. Ce qui place l\u2019ECC au premier rang de grandes confessions religieuses en R\u00e9publique D\u00e9mocratique du Congo.<\/p>\n<p>Au Comit\u00e9 Ex\u00e9cutif National extraordinaire tenu \u00e0 Lubumbashi du 25 au 29 Mars 1994, l\u2019Eglise du Christ au Congo, en sa qualit\u00e9 d\u2019Institution eccl\u00e9siastique et sociale du Pays, a cern\u00e9 la n\u00e9cessit\u00e9 de mat\u00e9rialiser la Mission Proph\u00e9tique dans la perspective de sa pens\u00e9e sociale, en vue d\u2019accompagner l\u2019Etat congolais dans la mise en \u0153uvre de la th\u00e9orie de la justice, notamment sur les questions relatives \u00e0 la paix, la gouvernance, la d\u00e9mocratie, les droits humains ainsi que la sauvegarde de la cr\u00e9ation.<\/p>\n<p>D\u2019o\u00f9 l\u2019int\u00e9r\u00eat de cr\u00e9er, lors du Synode National tenu du 04 au 15 Ao\u00fbt 1994, au Centre d\u2019Accueil Mgr Dr. Shaumba \u00e0 Kinshasa, la Commission Justice, Paix et Sauvegarde de la Cr\u00e9ation (CJPSC), ayant rang de <strong>D\u00e9partement<\/strong> au sein de l\u2019Eglise du Christ au Congo, <strong>tel que repris aux dispositions des articles 1 et 3 du R\u00e8glement Int\u00e9rieur de 1994 de la CJPSC.<\/strong><\/p>\n<p>Pendant plusieurs ann\u00e9es, l\u2019ECC\/JPSC a connu quelques difficult\u00e9s au niveau organisationnel et fonctionnel au regard des standards nationaux et internationaux exig\u00e9s en mati\u00e8re de partenariat \u00e9tatique, \u0153cum\u00e9nique, bilat\u00e9ral et multilat\u00e9ral.<\/p>\n<p>En vue de relever les d\u00e9fis susmentionn\u00e9s, le Synode National extraordinaire d\u2019Ao\u00fbt 2019 s\u2019est pench\u00e9 minutieusement sur les questions des r\u00e9formes des textes juridiques et des structures de l\u2019Eglise du Christ au Congo.\u00a0 D\u2019o\u00f9, la requalification de la conception et des actions de la Mission Proph\u00e9tique, conform\u00e9ment aux dispositions de<strong> l\u2019article 5 litera 4 de la Constitution de l\u2019ECC<\/strong>. Ainsi, l\u2019organisation et le fonctionnement de l\u2019ECC\/JPSC ont \u00e9t\u00e9 adapt\u00e9s aux standards nationaux et internationaux.<\/p>\n<h2>Analyse strat\u00e9gique<\/h2>\n<p>Dans notre planification strat\u00e9gique, deux composantes ont \u00e9t\u00e9 identifi\u00e9es, dont l\u2019une porte sur le renforcement des capacit\u00e9s organisationnelles, techniques et op\u00e9rationnelles et, l\u2019autre porte sur les actions \u00e0 mener dans les quatre objectifs strat\u00e9giques \u00e0 savoir\u00a0:<\/p>\n<ul>\n<li>Paix, S\u00e9curit\u00e9 et Transformation des conflits\u00a0;<\/li>\n<li>Droits humains\u00a0et Migration ;<\/li>\n<li>D\u00e9mocratie et Gouvernance ;<\/li>\n<li>Sauvegarde de la Cr\u00e9ation.<\/li>\n<\/ul>\t\t\t\t\t\t\t\t<\/div>\n\t\t\t\t<\/div>\n\t\t\t\t<\/div>\n\t\t<div class=\"elementor-element elementor-element-49317d9 e-con-full e-flex e-con e-child\" data-id=\"49317d9\" data-element_type=\"container\" data-e-type=\"container\">\n\t\t\t\t<\/div>\n\t\t\t\t\t<\/div>\n\t\t\t\t<\/div>\n\t\t\t\t<\/div>\n\t\t","protected":false},"excerpt":{"rendered":"<p>A propos de nous C\u2019est depuis l\u2019an 1878, c\u2019est-\u00e0-dire sept ans (1885) avant la naissance de l\u2019Etat Ind\u00e9pendant du Congo et trente ans (1908) avant le Congo Belge voire quatre-vingt-deux ans (1960) avant l\u2019ind\u00e9pendance de la R\u00e9publique D\u00e9mocratique du Congo, que la Mission d\u2019Evang\u00e9lisation au Congo (MEC) a implant\u00e9 l\u2019Eglise Protestante au Congo (EPC). A [&hellip;]<\/p>\n","protected":false},"author":1,"featured_media":0,"parent":0,"menu_order":0,"comment_status":"closed","ping_status":"closed","template":"elementor_header_footer","meta":{"_monsterinsights_skip_tracking":false,"_monsterinsights_sitenote_active":false,"_monsterinsights_sitenote_note":"","_monsterinsights_sitenote_category":0,"footnotes":""},"class_list":["post-17219","page","type-page","status-publish","hentry"],"_links":{"self":[{"href":"https:\/\/cjpsc-ecc.org\/accueil\/wp-json\/wp\/v2\/pages\/17219","targetHints":{"allow":["GET"]}}],"collection":[{"href":"https:\/\/cjpsc-ecc.org\/accueil\/wp-json\/wp\/v2\/pages"}],"about":[{"href":"https:\/\/cjpsc-ecc.org\/accueil\/wp-json\/wp\/v2\/types\/page"}],"author":[{"embeddable":true,"href":"https:\/\/cjpsc-ecc.org\/accueil\/wp-json\/wp\/v2\/users\/1"}],"replies":[{"embeddable":true,"href":"https:\/\/cjpsc-ecc.org\/accueil\/wp-json\/wp\/v2\/comments?post=17219"}],"version-history":[{"count":7,"href":"https:\/\/cjpsc-ecc.org\/accueil\/wp-json\/wp\/v2\/pages\/17219\/revisions"}],"predecessor-version":[{"id":17625,"href":"https:\/\/cjpsc-ecc.org\/accueil\/wp-json\/wp\/v2\/pages\/17219\/revisions\/17625"}],"wp:attachment":[{"href":"https:\/\/cjpsc-ecc.org\/accueil\/wp-json\/wp\/v2\/media?parent=17219"}],"curies":[{"name":"wp","href":"https:\/\/api.w.org\/{rel}","templated":true}]}}